{"id":2964,"date":"2019-11-01T01:49:59","date_gmt":"2019-11-01T00:49:59","guid":{"rendered":"https:\/\/sopim-dz.com\/traitement-thermique\/?page_id=2964"},"modified":"2021-12-14T12:56:32","modified_gmt":"2021-12-14T11:56:32","slug":"qui-sommes-nous","status":"publish","type":"page","link":"https:\/\/sopim-dz.com\/traitement-thermique\/qui-sommes-nous\/","title":{"rendered":"QUI SOMMES NOUS"},"content":{"rendered":"<p>[vc_row css=&#8221;.vc_custom_1575050563255{margin-top: 3% !important;margin-bottom: -5% !important;}&#8221;][vc_column width=&#8221;1\/6&#8243;]<div class=\"martfury-empty-space \"><div class=\"mf_empty_space_lg\"  style=\"height: 25px\"><\/div><div class=\"mf_empty_space_md\"  style=\"height: 25px\"><\/div><div class=\"mf_empty_space_xs\"  style=\"height: 25px\"><\/div><\/div>[\/vc_column][vc_column width=&#8221;2\/3&#8243;][vc_custom_heading text=&#8221;QUI SOMMES NOUS?&#8221; font_container=&#8221;tag:h1|font_size:20|text_align:center|color:%23ffffff|line_height:1&#8243; use_theme_fonts=&#8221;yes&#8221; el_class=&#8221;semibold&#8221; css=&#8221;.vc_custom_1575050531262{margin-top: 0px !important;margin-bottom: 50px !important;}&#8221;][\/vc_column][vc_column width=&#8221;1\/6&#8243;][\/vc_column][\/vc_row][vc_row css=&#8221;.vc_custom_1572571640983{margin-top: 3% !important;}&#8221;][vc_column width=&#8221;1\/2&#8243; css=&#8221;.vc_custom_1572571718019{margin-right: 25% !important;}&#8221;][vc_column_text]<\/p>\n<h3 style=\"text-align: left;\"><strong>PR\u00c9SENTATION<\/strong><\/h3>\n<div style=\"padding: 5px 0 15px 0; border-radius: 5px;\"><img loading=\"lazy\" class=\"wp-image-3043 aligncenter\" title=\"SOPIM ALG\u00c9RIE\" src=\"https:\/\/sopim-dz.com\/traitement-thermique\/wp-content\/uploads\/2021\/10\/sopim-logo-3-01.png\" alt=\"logo hydropac\" width=\"214\" height=\"85\" \/><\/div>\n<p>&nbsp;<\/p>\n<p>La soci\u00e9t\u00e9 <strong>SARL SOPIM<\/strong> est sp\u00e9cialis\u00e9e dans la\u00a0vente<strong> d&#8217;\u00e9quipements, mat\u00e9riels et consommables <\/strong>\u00a0li\u00e9 au domaine du traitement thermique\u00a0<strong>en Alg\u00e9rie.<\/strong><\/p>\n<p>En tant que repr\u00e9sentant exclusif de <strong>CANYON INT \/ STORK \/ COOPERHEAT<\/strong>\u00a0pour le march\u00e9 Alg\u00e9rien, nous proposons une gamme d\u2019\u00e9quipements standards ou sur mesure en fonction des besoins sp\u00e9cifiques de chantiers ou d\u2019ateliers.\u00a0 Si vous le souhaitez, nous assurons \u00e0 vos c\u00f4t\u00e9s les prestations de service sur site, les r\u00e9parations et les formations.<\/p>\n<p>Aujourd\u2019hui sp\u00e9cialiste confirm\u00e9 en Traitement Thermique, notre soci\u00e9t\u00e9 n\u2019a de cesse que d\u2019am\u00e9liorer ses comp\u00e9tences face aux exigences l\u00e9gitimes de nos clients.<\/p>\n<p>Qualit\u00e9, Rapidit\u00e9 et Flexibilit\u00e9, tels sont nos ma\u00eetre mots et nous l\u2019appliquons au quotidien.<\/p>\n<p>Notre site web\u00a0renforce notre pr\u00e9sence \u00e0 vos c\u00f4t\u00e9s. Ce site, o\u00f9 il vous est possible de retrouver l\u2019ensemble de notre gamme, repr\u00e9sente une source d\u2019informations sur nos produits et leurs applications.<\/p>\n<p>N\u2019h\u00e9sitez pas \u00e0 nous contacter, notre \u00e9quipe se tient \u00e0\u00a0 votre disposition.<\/p>\n<p>Nous vous souhaitons une agr\u00e9able visite.[\/vc_column_text]<div class=\"martfury-empty-space \"><div class=\"mf_empty_space_lg\"  style=\"height: 25px\"><\/div><div class=\"mf_empty_space_md\"  style=\"height: 25px\"><\/div><div class=\"mf_empty_space_xs\"  style=\"height: 25px\"><\/div><\/div>[\/vc_column][vc_column width=&#8221;1\/2&#8243; css=&#8221;.vc_custom_1572572385098{margin-right: -5% !important;}&#8221; el_class=&#8221;icones_1&#8243;]<div class=\"martfury-empty-space \"><div class=\"mf_empty_space_lg\"  style=\"height: 105px\"><\/div><div class=\"mf_empty_space_md\"  style=\"height: 105px\"><\/div><div class=\"mf_empty_space_xs\"  style=\"height: 105px\"><\/div><\/div>[vc_row_inner][vc_column_inner width=&#8221;1\/3&#8243;][vc_single_image image=&#8221;4172&#8243; img_size=&#8221;full&#8221; alignment=&#8221;center&#8221;][\/vc_column_inner][vc_column_inner width=&#8221;1\/3&#8243;][vc_single_image image=&#8221;4168&#8243; img_size=&#8221;full&#8221; alignment=&#8221;center&#8221;][\/vc_column_inner][vc_column_inner width=&#8221;1\/3&#8243;][vc_single_image image=&#8221;4165&#8243; img_size=&#8221;full&#8221; alignment=&#8221;center&#8221;][\/vc_column_inner][\/vc_row_inner][vc_row_inner][vc_column_inner width=&#8221;1\/3&#8243;][vc_single_image image=&#8221;4163&#8243; img_size=&#8221;full&#8221; alignment=&#8221;center&#8221;][\/vc_column_inner][vc_column_inner width=&#8221;1\/3&#8243;][vc_single_image image=&#8221;4161&#8243; img_size=&#8221;full&#8221; alignment=&#8221;center&#8221;][\/vc_column_inner][vc_column_inner width=&#8221;1\/3&#8243;][vc_single_image image=&#8221;4159&#8243; img_size=&#8221;full&#8221; alignment=&#8221;center&#8221;][\/vc_column_inner][\/vc_row_inner][vc_row_inner][vc_column_inner width=&#8221;1\/3&#8243;][vc_single_image image=&#8221;4156&#8243; img_size=&#8221;full&#8221; alignment=&#8221;center&#8221;][\/vc_column_inner][vc_column_inner width=&#8221;1\/3&#8243;][vc_single_image image=&#8221;4155&#8243; img_size=&#8221;full&#8221; alignment=&#8221;center&#8221;][\/vc_column_inner][vc_column_inner width=&#8221;1\/3&#8243;][vc_single_image image=&#8221;4153&#8243; img_size=&#8221;full&#8221; alignment=&#8221;center&#8221;][\/vc_column_inner][\/vc_row_inner][\/vc_column][\/vc_row][vc_row full_width=&#8221;stretch_row_content_no_spaces&#8221; css=&#8221;.vc_custom_1602097284403{margin-top: 5% !important;background-image: url(https:\/\/sopim-dz.com\/traitement-thermique\/wp-content\/uploads\/2020\/10\/abc-communication-fdn-gris-2-scaled.jpg?id=3914) !important;background-position: 0 0 !important;background-repeat: no-repeat !important;}&#8221; el_id=&#8221;renseignements&#8221;][vc_column width=&#8221;1\/2&#8243; css=&#8221;.vc_custom_1572537044916{margin-left: 25% !important;padding-top: 3% !important;padding-bottom: 3% !important;}&#8221;][vc_column_text css=&#8221;.vc_custom_1602097310591{margin-bottom: -3% !important;}&#8221;]<\/p>\n<h3><span style=\"color: #555; font-weight: 500 !important; font-size: 1.2em;\">Plus de d\u00e9tails sur nos services?<\/span><\/h3>\n<div id=\"gtx-trans\" style=\"position: absolute; left: 119px; top: 59px;\">\n<div class=\"gtx-trans-icon\"><\/div>\n<\/div>\n<p>[\/vc_column_text][vc_column_text css=&#8221;.vc_custom_1635115183579{padding-bottom: 3% !important;}&#8221;]<\/p>\n<h3><span style=\"color: #555; font-weight: 300 !important;\"><i class=\"fa fa-phone\"><\/i> Appelez-nous sur :\u00a0 <strong>+213 (0)23-962-616<\/strong><\/span><\/h3>\n<p>[\/vc_column_text][\/vc_column][vc_column width=&#8221;1\/2&#8243;]<div class=\"martfury-empty-space \"><div class=\"mf_empty_space_lg\"  style=\"height: 50px\"><\/div><div class=\"mf_empty_space_md\"  style=\"height: 50px\"><\/div><div class=\"mf_empty_space_xs\"  style=\"height: 50px\"><\/div><\/div>[vc_btn title=&#8221;CONTACT&#8221; color=&#8221;white&#8221; align=&#8221;center&#8221; i_type=&#8221;openiconic&#8221; i_icon_openiconic=&#8221;vc-oi vc-oi-mail&#8221; add_icon=&#8221;true&#8221; css=&#8221;.vc_custom_1580671828567{background-color: rgba(255,255,255,0.01) !important;*background-color: rgb(255,255,255) !important;}&#8221; link=&#8221;url:https%3A%2F%2Fsopim-dz.com\/traitement-thermique%2Fnous-contacter%2F|title:NOUS%20CONTACTER||&#8221;][\/vc_column][\/vc_row]<\/p>\n","protected":false},"excerpt":{"rendered":"<p>[vc_row css=&#8221;.vc_custom_1575050563255{margin-top: 3% !important;margin-bottom: -5% !important;}&#8221;][vc_column width=&#8221;1\/6&#8243;][\/vc_column][vc_column width=&#8221;2\/3&#8243;][vc_custom_heading text=&#8221;QUI SOMMES NOUS?&#8221; font_container=&#8221;tag:h1|font_size:20|text_align:center|color:%23ffffff|line_height:1&#8243; use_theme_fonts=&#8221;yes&#8221; el_class=&#8221;semibold&#8221; css=&#8221;.vc_custom_1575050531262{margin-top: 0px !important;margin-bottom: 50px !important;}&#8221;][\/vc_column][vc_column width=&#8221;1\/6&#8243;][\/vc_column][\/vc_row][vc_row css=&#8221;.vc_custom_1572571640983{margin-top: 3% !important;}&#8221;][vc_column width=&#8221;1\/2&#8243; css=&#8221;.vc_custom_1572571718019{margin-right: 25% !important;}&#8221;][vc_column_text] PR\u00c9SENTATION &nbsp; La soci\u00e9t\u00e9 SARL SOPIM est sp\u00e9cialis\u00e9e dans la\u00a0vente d&#8217;\u00e9quipements, mat\u00e9riels et consommables \u00a0li\u00e9 au domaine du traitement thermique\u00a0en Alg\u00e9rie. En tant que repr\u00e9sentant exclusif de CANYON&hellip;<\/p>\n","protected":false},"author":1,"featured_media":0,"parent":0,"menu_order":0,"comment_status":"closed","ping_status":"closed","template":"template-homepage.php","meta":[],"_links":{"self":[{"href":"https:\/\/sopim-dz.com\/traitement-thermique\/wp-json\/wp\/v2\/pages\/2964"}],"collection":[{"href":"https:\/\/sopim-dz.com\/traitement-thermique\/wp-json\/wp\/v2\/pages"}],"about":[{"href":"https:\/\/sopim-dz.com\/traitement-thermique\/wp-json\/wp\/v2\/types\/page"}],"author":[{"embeddable":true,"href":"https:\/\/sopim-dz.com\/traitement-thermique\/wp-json\/wp\/v2\/users\/1"}],"replies":[{"embeddable":true,"href":"https:\/\/sopim-dz.com\/traitement-thermique\/wp-json\/wp\/v2\/comments?post=2964"}],"version-history":[{"count":35,"href":"https:\/\/sopim-dz.com\/traitement-thermique\/wp-json\/wp\/v2\/pages\/2964\/revisions"}],"predecessor-version":[{"id":4215,"href":"https:\/\/sopim-dz.com\/traitement-thermique\/wp-json\/wp\/v2\/pages\/2964\/revisions\/4215"}],"wp:attachment":[{"href":"https:\/\/sopim-dz.com\/traitement-thermique\/wp-json\/wp\/v2\/media?parent=2964"}],"curies":[{"name":"wp","href":"https:\/\/api.w.org\/{rel}","templated":true}]}}