{"id":4040,"date":"2020-10-08T17:23:32","date_gmt":"2020-10-08T15:23:32","guid":{"rendered":"https:\/\/sopim-dz.com\/traitement-thermique\/?page_id=4040"},"modified":"2021-12-15T09:26:45","modified_gmt":"2021-12-15T08:26:45","slug":"accueil","status":"publish","type":"page","link":"https:\/\/sopim-dz.com\/traitement-thermique\/","title":{"rendered":"ACCUEIL"},"content":{"rendered":"<p>[vc_row full_width=&#8221;stretch_row_content_no_spaces&#8221;][vc_column][rev_slider_vc alias=&#8221;slider-1&#8243;][\/vc_column][\/vc_row][vc_row css=&#8221;.vc_custom_1635084339392{margin-top: 3% !important;background-image: url(https:\/\/sopim-dz.com\/traitement-thermique\/wp-content\/uploads\/2021\/10\/machine_transparent_bg.jpg?id=4139) !important;background-position: 0 0 !important;background-repeat: no-repeat !important;}&#8221; el_class=&#8221;titre-jaune&#8221; el_id=&#8221;categories-talaoubrid&#8221;][vc_column]<div class=\"martfury-empty-space \"><div class=\"mf_empty_space_lg\"  style=\"height: 25px\"><\/div><div class=\"mf_empty_space_md\"  style=\"height: 25px\"><\/div><div class=\"mf_empty_space_xs\"  style=\"height: 25px\"><\/div><\/div>[vc_custom_heading text=&#8221;CAT\u00c9GORIES &amp; PRODUITS&#8221; font_container=&#8221;tag:h1|font_size:20|text_align:center|color:%23ffcc00|line_height:1&#8243; use_theme_fonts=&#8221;yes&#8221; el_class=&#8221;semibold&#8221; css=&#8221;.vc_custom_1575363047559{margin-top: 0px !important;margin-bottom: 20px !important;}&#8221;][vc_row_inner el_class=&#8221;prods-cat&#8221; css=&#8221;.vc_custom_1602066002032{margin-bottom: 5% !important;}&#8221;][vc_column_inner width=&#8221;1\/4&#8243;]<div class=\"martfury-empty-space \"><div class=\"mf_empty_space_lg\"  style=\"height: 45px\"><\/div><div class=\"mf_empty_space_md\"  style=\"height: 45px\"><\/div><div class=\"mf_empty_space_xs\"  style=\"height: 45px\"><\/div><\/div>[vc_single_image image=&#8221;4147&#8243; img_size=&#8221;full&#8221; alignment=&#8221;center&#8221;]<div class=\"martfury-empty-space \"><div class=\"mf_empty_space_lg\"  style=\"height: 5px\"><\/div><div class=\"mf_empty_space_md\"  style=\"height: 5px\"><\/div><div class=\"mf_empty_space_xs\"  style=\"height: 5px\"><\/div><\/div>[vc_column_text]<\/p>\n<h4 style=\"text-align: center;\"><strong>Bruleurs <sup>Cooperheat<\/sup><\/strong><\/h4>\n<p>[\/vc_column_text][\/vc_column_inner][vc_column_inner width=&#8221;1\/4&#8243;]<div class=\"martfury-empty-space \"><div class=\"mf_empty_space_lg\"  style=\"height: 45px\"><\/div><div class=\"mf_empty_space_md\"  style=\"height: 45px\"><\/div><div class=\"mf_empty_space_xs\"  style=\"height: 45px\"><\/div><\/div>[vc_single_image image=&#8221;4146&#8243; img_size=&#8221;full&#8221; alignment=&#8221;center&#8221;]<div class=\"martfury-empty-space \"><div class=\"mf_empty_space_lg\"  style=\"height: 5px\"><\/div><div class=\"mf_empty_space_md\"  style=\"height: 5px\"><\/div><div class=\"mf_empty_space_xs\"  style=\"height: 5px\"><\/div><\/div>[vc_column_text]<\/p>\n<h4 style=\"text-align: center;\"><strong>Soudeuses TAU <sup>Cooperheat<\/sup><\/strong><\/h4>\n<div id=\"gtx-trans\" style=\"position: absolute; left: 39px; top: -4.0625px;\">\n<div class=\"gtx-trans-icon\"><\/div>\n<\/div>\n<p>[\/vc_column_text][\/vc_column_inner][vc_column_inner width=&#8221;1\/4&#8243;]<div class=\"martfury-empty-space \"><div class=\"mf_empty_space_lg\"  style=\"height: 45px\"><\/div><div class=\"mf_empty_space_md\"  style=\"height: 45px\"><\/div><div class=\"mf_empty_space_xs\"  style=\"height: 45px\"><\/div><\/div>[vc_single_image image=&#8221;4150&#8243; img_size=&#8221;full&#8221; alignment=&#8221;center&#8221;]<div class=\"martfury-empty-space \"><div class=\"mf_empty_space_lg\"  style=\"height: 5px\"><\/div><div class=\"mf_empty_space_md\"  style=\"height: 5px\"><\/div><div class=\"mf_empty_space_xs\"  style=\"height: 5px\"><\/div><\/div>[vc_column_text]<\/p>\n<h4 style=\"text-align: center;\"><strong>Machines TTH <sup>Stork<\/sup><\/strong><\/h4>\n<p>[\/vc_column_text][\/vc_column_inner][vc_column_inner width=&#8221;1\/4&#8243;]<div class=\"martfury-empty-space \"><div class=\"mf_empty_space_lg\"  style=\"height: 45px\"><\/div><div class=\"mf_empty_space_md\"  style=\"height: 45px\"><\/div><div class=\"mf_empty_space_xs\"  style=\"height: 45px\"><\/div><\/div>[vc_single_image image=&#8221;4153&#8243; img_size=&#8221;full&#8221; alignment=&#8221;center&#8221;]<div class=\"martfury-empty-space \"><div class=\"mf_empty_space_lg\"  style=\"height: 5px\"><\/div><div class=\"mf_empty_space_md\"  style=\"height: 5px\"><\/div><div class=\"mf_empty_space_xs\"  style=\"height: 5px\"><\/div><\/div>[vc_column_text]<\/p>\n<h4 style=\"text-align: center;\"><strong>Accessoires <sup>Cooperheat<\/sup><\/strong><\/h4>\n<p>[\/vc_column_text][\/vc_column_inner][\/vc_row_inner]<div class=\"martfury-empty-space \"><div class=\"mf_empty_space_lg\"  style=\"height: 25px\"><\/div><div class=\"mf_empty_space_md\"  style=\"height: 25px\"><\/div><div class=\"mf_empty_space_xs\"  style=\"height: 25px\"><\/div><\/div>[\/vc_column][\/vc_row][vc_row css=&#8221;.vc_custom_1575497115813{margin-top: 5% !important;margin-bottom: 7% !important;}&#8221; el_id=&#8221;produits-recents&#8221;][vc_column el_class=&#8221;titre-jaune&#8221;][vc_custom_heading text=&#8221;PRODUITS R\u00c9CENTS&#8221; font_container=&#8221;tag:h1|font_size:20|text_align:center|color:%23dd2400|line_height:1&#8243; use_theme_fonts=&#8221;yes&#8221; el_class=&#8221;semibold&#8221; css=&#8221;.vc_custom_1575496769439{margin-top: 0px !important;margin-bottom: 45px !important;}&#8221;][vc_column_text]<\/p>\n<p style=\"text-align: center;\"><div class=\"wpcp-carousel-wrapper wpcp-wrapper-3468\"><div id=\"wpcp-preloader-3468\" class=\"wpcp-carousel-preloader\"><img src=\" https:\/\/sopim-dz.com\/traitement-thermique\/wp-content\/plugins\/wp-carousel-free\/public\/css\/ajax-loader.gif \"\/><\/div><div id=\"sp-wp-carousel-free-id-3468\" class=\"wpcp-carousel-section sp-wpcp-3468 nav-vertical-center wpcp-image-carousel wpcp-preloader wpcp-standard\" data-slick='{ \"accessibility\":true, \"arrows\":true, \"autoplay\":true, \"autoplaySpeed\":3000, \"dots\":false, \"infinite\":true, \"speed\":600, \"pauseOnHover\":true, \"slidesToShow\":5, \"responsive\":[ { \"breakpoint\":1200, \"settings\": { \"slidesToShow\":4 } }, { \"breakpoint\":980, \"settings\":{ \"slidesToShow\":3 } }, { \"breakpoint\":736, \"settings\": { \"slidesToShow\":2 } }, {\"breakpoint\":480, \"settings\":{ \"slidesToShow\":1, \"arrows\": false, \"dots\": false } } ], \"rtl\":false, \"lazyLoad\": \"false\", \"swipe\": true, \"draggable\": true, \"swipeToSlide\":false }' dir=\"ltr\"><div class=\"wpcp-single-item\"><div class=\"wpcp-slide-image\"><img class=\"skip-lazy\" src=\"https:\/\/sopim-dz.com\/traitement-thermique\/wp-content\/uploads\/2021\/10\/sopim-machine-tth-cooper-k9-01.jpg\" alt=\"sopim-machine-tth-cooper-k9-01\" width=\"1001\" height=\"1001\"><\/div><\/div><div class=\"wpcp-single-item\"><div class=\"wpcp-slide-image\"><img class=\"skip-lazy\" src=\"https:\/\/sopim-dz.com\/traitement-thermique\/wp-content\/uploads\/2021\/10\/sopim-BRuleur-01.jpg\" alt=\"sopim-BRuleur-01\" width=\"1001\" height=\"1001\"><\/div><\/div><div class=\"wpcp-single-item\"><div class=\"wpcp-slide-image\"><img class=\"skip-lazy\" src=\"https:\/\/sopim-dz.com\/traitement-thermique\/wp-content\/uploads\/2021\/10\/sopim-Tuyau-de-combustion-dair-flexible-haute-pression-avec-raccord-01.jpg\" alt=\"sopim-Tuyau de combustion d\u2019air flexible haute pression avec raccord-01\" width=\"1001\" height=\"1001\"><\/div><\/div><div class=\"wpcp-single-item\"><div class=\"wpcp-slide-image\"><img class=\"skip-lazy\" src=\"https:\/\/sopim-dz.com\/traitement-thermique\/wp-content\/uploads\/2021\/10\/sopim-Machine-de-traitement-thermique-100-kVA-12-sorties-01.png\" alt=\"sopim-Machine de traitement thermique 100 kVA 12 sorties-01\" width=\"1001\" height=\"1001\"><\/div><\/div><div class=\"wpcp-single-item\"><div class=\"wpcp-slide-image\"><img class=\"skip-lazy\" src=\"https:\/\/sopim-dz.com\/traitement-thermique\/wp-content\/uploads\/2020\/10\/sopim-Rouleau-de-fil-thermocouple-type-K-BS-EN-60584\u2013ANSI-MC96\u2013ASTM-E320-01-01.jpg\" alt=\"sopim-Rouleau-de-fil-thermocouple-type-K-BS-EN-60584\u2013ANSI-MC96\u2013ASTM-E320-01-01\" width=\"1001\" height=\"1001\"><\/div><\/div><div class=\"wpcp-single-item\"><div class=\"wpcp-slide-image\"><img class=\"skip-lazy\" src=\"https:\/\/sopim-dz.com\/traitement-thermique\/wp-content\/uploads\/2021\/10\/sopim-Mano-detendeur-2-a-regulation-01.jpg\" alt=\"sopim-Mano d\u00e9tendeur 2\u2019\u2019 \u00e0 r\u00e9gulation-01\" width=\"1001\" height=\"1001\"><\/div><\/div><div class=\"wpcp-single-item\"><div class=\"wpcp-slide-image\"><img class=\"skip-lazy\" src=\"https:\/\/sopim-dz.com\/traitement-thermique\/wp-content\/uploads\/2021\/10\/sopim-Tuyau-air-6-gros-debit-flexible-renforce-double-epaisseur-anti-fuite-01.jpg\" alt=\"sopim-Tuyau air 6\u2019\u2019 gros d\u00e9bit flexible renforc\u00e9 double \u00e9paisseur anti-fuite-01\" width=\"1001\" height=\"1001\"><\/div><\/div><div class=\"wpcp-single-item\"><div class=\"wpcp-slide-image\"><img class=\"skip-lazy\" src=\"https:\/\/sopim-dz.com\/traitement-thermique\/wp-content\/uploads\/2020\/10\/sopim-machines-tth-traitement-thermique-01-01.jpg\" alt=\"sopim-machines-tth-traitement-thermique-01-01\" width=\"1001\" height=\"1001\"><\/div><\/div><div class=\"wpcp-single-item\"><div class=\"wpcp-slide-image\"><img class=\"skip-lazy\" src=\"https:\/\/sopim-dz.com\/traitement-thermique\/wp-content\/uploads\/2021\/10\/sopim-accessoires-bruleurs-3-01.jpg\" alt=\"sopim-accessoires-bruleurs--3-01\" width=\"1001\" height=\"751\"><\/div><\/div><\/div><\/div>\n<div id=\"gtx-trans\" style=\"position: absolute; left: 281px; top: -16px;\">\n<div class=\"gtx-trans-icon\"><\/div>\n<\/div>\n<p>[\/vc_column_text]<div class=\"martfury-empty-space \"><div class=\"mf_empty_space_lg\"  style=\"height: 25px\"><\/div><div class=\"mf_empty_space_md\"  style=\"height: 25px\"><\/div><div class=\"mf_empty_space_xs\"  style=\"height: 25px\"><\/div><\/div>[vc_row_inner][vc_column_inner width=&#8221;1\/3&#8243;][\/vc_column_inner][vc_column_inner width=&#8221;1\/3&#8243;][vc_btn title=&#8221;VOIR TOUS LES PRODUITS&#8221; color=&#8221;danger&#8221; align=&#8221;center&#8221; link=&#8221;url:https%3A%2F%2Fespace-elecpro.com%2Flab%2Fnos-produits%2F|||&#8221; el_class=&#8221;txt-noir&#8221;][\/vc_column_inner][vc_column_inner width=&#8221;1\/3&#8243;][\/vc_column_inner][\/vc_row_inner][\/vc_column][\/vc_row][vc_row full_width=&#8221;stretch_row_content_no_spaces&#8221; parallax=&#8221;content-moving-fade&#8221; parallax_image=&#8221;3914&#8243; parallax_speed_bg=&#8221;5&#8243; css=&#8221;.vc_custom_1602066489748{margin-top: 5% !important;margin-bottom: 5% !important;background-image: url(https:\/\/sopim-dz.com\/traitement-thermique\/wp-content\/uploads\/2020\/10\/abc-communication-fdn-gris-2-scaled.jpg?id=3914) !important;background-position: 0 0;background-repeat: no-repeat !important;}&#8221; el_id=&#8221;renseignements&#8221;][vc_column width=&#8221;1\/2&#8243; css=&#8221;.vc_custom_1602066650451{margin-left: 25% !important;padding-top: 5% !important;padding-bottom: 5% !important;}&#8221;][vc_column_text css=&#8221;.vc_custom_1602066315945{margin-bottom: -3% !important;}&#8221;]<\/p>\n<h3><span style=\"color: #ed2926; font-size: 1.2em; font-weight: 500 !important;\">Plus de d\u00e9tails sur nos produits?<\/span><\/h3>\n<div id=\"gtx-trans\" style=\"position: absolute; left: 45px; top: -4px;\">\n<div class=\"gtx-trans-icon\"><\/div>\n<\/div>\n<p>[\/vc_column_text][vc_column_text css=&#8221;.vc_custom_1635084979932{padding-bottom: 5% !important;}&#8221;]<\/p>\n<h3><span style=\"color: #555; font-weight: 300 !important;\"><i class=\"fa fa-phone\"><\/i><strong><span style=\"color: #555;\"> Appelez-nous sur : +213 (0)23-962-616<\/span><\/strong><\/span><\/h3>\n<p>[\/vc_column_text][\/vc_column][vc_column width=&#8221;1\/2&#8243;]<div class=\"martfury-empty-space \"><div class=\"mf_empty_space_lg\"  style=\"height: 65px\"><\/div><div class=\"mf_empty_space_md\"  style=\"height: 65px\"><\/div><div class=\"mf_empty_space_xs\"  style=\"height: 65px\"><\/div><\/div>[vc_btn title=&#8221;CONTACT&#8221; color=&#8221;white&#8221; align=&#8221;center&#8221; i_type=&#8221;openiconic&#8221; i_icon_openiconic=&#8221;vc-oi vc-oi-mail&#8221; add_icon=&#8221;true&#8221; css=&#8221;.vc_custom_1580671523945{background-color: rgba(255,255,255,0.01) !important;*background-color: rgb(255,255,255) !important;}&#8221; link=&#8221;url:https%3A%2F%2Fsopim-dz.com\/traitement-thermique%2Fnous-contacter%2F|||&#8221;][\/vc_column][\/vc_row][vc_row css=&#8221;.vc_custom_1572561169972{margin-top: 5% !important;}&#8221;][vc_column]<div class=\"martfury-empty-space \"><div class=\"mf_empty_space_lg\"  style=\"height: 25px\"><\/div><div class=\"mf_empty_space_md\"  style=\"height: 25px\"><\/div><div class=\"mf_empty_space_xs\"  style=\"height: 25px\"><\/div><\/div>[vc_custom_heading text=&#8221;DISTRIBUTEUR DE MARQUE&#8221; font_container=&#8221;tag:h1|font_size:20|text_align:center|color:%23333333|line_height:1&#8243; use_theme_fonts=&#8221;yes&#8221; el_class=&#8221;semibold&#8221; css=&#8221;.vc_custom_1639556166705{margin-top: 0px !important;margin-bottom: 20px !important;}&#8221;][vc_row_inner css=&#8221;.vc_custom_1572568871598{margin-bottom: 5% !important;}&#8221;][vc_column_inner width=&#8221;1\/3&#8243;][\/vc_column_inner][vc_column_inner el_class=&#8221;contact-form&#8221; width=&#8221;1\/3&#8243;][vc_single_image image=&#8221;4174&#8243; img_size=&#8221;full&#8221; alignment=&#8221;center&#8221;][\/vc_column_inner][vc_column_inner width=&#8221;1\/3&#8243;][\/vc_column_inner][\/vc_row_inner][vc_row_inner css=&#8221;.vc_custom_1639556555732{margin-top: -3% !important;margin-bottom: 2% !important;}&#8221;][vc_column_inner][vc_separator el_width=&#8221;70&#8243;][\/vc_column_inner][\/vc_row_inner][vc_row_inner css=&#8221;.vc_custom_1639556461356{margin-bottom: 2% !important;}&#8221;][vc_column_inner][vc_column_text]<\/p>\n<h3 style=\"font-weight: 300 !important; text-align: center;\">En partenariat avec<\/h3>\n<p>[\/vc_column_text][\/vc_column_inner][\/vc_row_inner][vc_row_inner css=&#8221;.vc_custom_1572568871598{margin-bottom: 5% !important;}&#8221;][vc_column_inner width=&#8221;1\/4&#8243;][\/vc_column_inner][vc_column_inner width=&#8221;1\/4&#8243;][vc_single_image image=&#8221;4173&#8243; img_size=&#8221;full&#8221; alignment=&#8221;right&#8221;][\/vc_column_inner][vc_column_inner width=&#8221;1\/4&#8243;][vc_single_image image=&#8221;4227&#8243; img_size=&#8221;full&#8221;][\/vc_column_inner][vc_column_inner width=&#8221;1\/4&#8243;][\/vc_column_inner][\/vc_row_inner][vc_empty_space][vc_empty_space][vc_custom_heading text=&#8221;INFORMATIONS DE CONTACT&#8221; font_container=&#8221;tag:h1|font_size:20|text_align:center|color:%23333333|line_height:1&#8243; use_theme_fonts=&#8221;yes&#8221; el_class=&#8221;semibold&#8221; css=&#8221;.vc_custom_1578085637415{margin-top: 0px !important;margin-bottom: 20px !important;}&#8221;][vc_row_inner el_id=&#8221;map-et-form&#8221; css=&#8221;.vc_custom_1572568871598{margin-bottom: 5% !important;}&#8221;][vc_column_inner width=&#8221;1\/2&#8243;][vc_gmaps link=&#8221;#E-8_JTNDaWZyYW1lJTIwc3JjJTNEJTIyaHR0cHMlM0ElMkYlMkZ3d3cuZ29vZ2xlLmNvbSUyRm1hcHMlMkZlbWJlZCUzRnBiJTNEJTIxMW0xOCUyMTFtMTIlMjExbTMlMjExZDM4MDAuNzk1OTQyOTkyMjA1JTIxMmQzLjI5ODg3OTgxNjk5MzIwOTQlMjEzZDM2Ljc2ODc1MTc5NjgyMDM1JTIxMm0zJTIxMWYwJTIxMmYwJTIxM2YwJTIxM20yJTIxMWkxMDI0JTIxMmk3NjglMjE0ZjEzLjElMjEzbTMlMjExbTIlMjExczB4MTI4ZTQ1YTMyODVkMDEzYiUyNTNBMHg3MmNmZDg1YzNkMTY1N2JjJTIxMnNTQVJMJTI1MjBTT1BJTSUyMTVlMCUyMTNtMiUyMTFzZnIlMjEyc2R6JTIxNHYxNjM1MDIzMDEyNjk0JTIxNW0yJTIxMXNmciUyMTJzZHolMjIlMjB3aWR0aCUzRCUyMjEwMCUyNSUyMiUyMGhlaWdodCUzRCUyMjM3MCUyMiUyMHN0eWxlJTNEJTIyYm9yZGVyJTNBMCUzQiUyMiUyMGFsbG93ZnVsbHNjcmVlbiUzRCUyMiUyMiUyMGxvYWRpbmclM0QlMjJsYXp5JTIyJTNFJTNDJTJGaWZyYW1lJTNF&#8221;][\/vc_column_inner][vc_column_inner el_class=&#8221;contact-form&#8221; width=&#8221;1\/2&#8243;]<div role=\"form\" class=\"wpcf7\" id=\"wpcf7-f3741-o1\" lang=\"en-US\" dir=\"ltr\">\n<div class=\"screen-reader-response\"><p role=\"status\" aria-live=\"polite\" aria-atomic=\"true\"><\/p> <ul><\/ul><\/div>\n<form action=\"\/traitement-thermique\/wp-json\/wp\/v2\/pages\/4040#wpcf7-f3741-o1\" method=\"post\" class=\"wpcf7-form init\" novalidate=\"novalidate\" data-status=\"init\">\n<div style=\"display: none;\">\n<input type=\"hidden\" name=\"_wpcf7\" value=\"3741\" \/>\n<input type=\"hidden\" name=\"_wpcf7_version\" value=\"5.5.1\" \/>\n<input type=\"hidden\" name=\"_wpcf7_locale\" value=\"en_US\" \/>\n<input type=\"hidden\" name=\"_wpcf7_unit_tag\" value=\"wpcf7-f3741-o1\" \/>\n<input type=\"hidden\" name=\"_wpcf7_container_post\" value=\"0\" \/>\n<input type=\"hidden\" name=\"_wpcf7_posted_data_hash\" value=\"\" \/>\n<\/div>\n<div class=\"row\">\n<div class=\"col-md-6 col-md-6 col-md-12\"><span class=\"wpcf7-form-control-wrap your-name\"><input type=\"text\" name=\"your-name\" value=\"\" size=\"40\" class=\"wpcf7-form-control wpcf7-text wpcf7-validates-as-required\" aria-required=\"true\" aria-invalid=\"false\" placeholder=\"Nom et pr\u00e9nom*\" \/><\/span><\/div>\n<div class=\"col-md-6 col-md-6 col-md-12\"><span class=\"wpcf7-form-control-wrap your-email\"><input type=\"email\" name=\"your-email\" value=\"\" size=\"40\" class=\"wpcf7-form-control wpcf7-text wpcf7-email wpcf7-validates-as-required wpcf7-validates-as-email\" aria-required=\"true\" aria-invalid=\"false\" placeholder=\"Email*\" \/><\/span><\/div>\n<div class=\"col-md-6 col-md-6 col-md-12\"><span class=\"wpcf7-form-control-wrap your-tel\"><input type=\"text\" name=\"your-tel\" value=\"\" size=\"40\" class=\"wpcf7-form-control wpcf7-text wpcf7-validates-as-required\" aria-required=\"true\" aria-invalid=\"false\" placeholder=\"T\u00e9l\u00e9phone*\" \/><\/span><\/div>\n<div class=\"col-md-6 col-md-6 col-md-12\"><span class=\"wpcf7-form-control-wrap subject\"><input type=\"text\" name=\"subject\" value=\"\" size=\"40\" class=\"wpcf7-form-control wpcf7-text wpcf7-validates-as-required\" aria-required=\"true\" aria-invalid=\"false\" placeholder=\"Sujet\" \/><\/span><\/div>\n<div class=\"col-md-12 col-md-12 col-md-12\"><span class=\"wpcf7-form-control-wrap message\"><textarea name=\"message\" cols=\"40\" rows=\"10\" class=\"wpcf7-form-control wpcf7-textarea\" aria-invalid=\"false\" placeholder=\"Message\"><\/textarea><\/span><\/div>\n<div class=\"col-md-12 col-md-12 col-md-12 text-center\"><input type=\"submit\" value=\"ENVOYER\" class=\"wpcf7-form-control has-spinner wpcf7-submit\" \/><\/div>\n<\/div>\n<p style=\"display: none !important;\"><label>&#916;<textarea name=\"_wpcf7_ak_hp_textarea\" cols=\"45\" rows=\"8\" maxlength=\"100\"><\/textarea><\/label><input type=\"hidden\" id=\"ak_js\" name=\"_wpcf7_ak_js\" value=\"188\"\/><script>document.getElementById( \"ak_js\" ).setAttribute( \"value\", ( new Date() ).getTime() );<\/script><\/p><div class=\"wpcf7-response-output\" aria-hidden=\"true\"><\/div><\/form><\/div>[\/vc_column_inner][\/vc_row_inner][\/vc_column][\/vc_row]<\/p>\n","protected":false},"excerpt":{"rendered":"<p>[vc_row full_width=&#8221;stretch_row_content_no_spaces&#8221;][vc_column][rev_slider_vc alias=&#8221;slider-1&#8243;][\/vc_column][\/vc_row][vc_row css=&#8221;.vc_custom_1635084339392{margin-top: 3% !important;background-image: url(https:\/\/sopim-dz.com\/traitement-thermique\/wp-content\/uploads\/2021\/10\/machine_transparent_bg.jpg?id=4139) !important;background-position: 0 0 !important;background-repeat: no-repeat !important;}&#8221; el_class=&#8221;titre-jaune&#8221; el_id=&#8221;categories-talaoubrid&#8221;][vc_column][vc_custom_heading text=&#8221;CAT\u00c9GORIES &amp; PRODUITS&#8221; font_container=&#8221;tag:h1|font_size:20|text_align:center|color:%23ffcc00|line_height:1&#8243; use_theme_fonts=&#8221;yes&#8221; el_class=&#8221;semibold&#8221; css=&#8221;.vc_custom_1575363047559{margin-top: 0px !important;margin-bottom: 20px !important;}&#8221;][vc_row_inner el_class=&#8221;prods-cat&#8221; css=&#8221;.vc_custom_1602066002032{margin-bottom: 5% !important;}&#8221;][vc_column_inner width=&#8221;1\/4&#8243;][vc_single_image image=&#8221;4147&#8243; img_size=&#8221;full&#8221; alignment=&#8221;center&#8221;][vc_column_text] Bruleurs Cooperheat [\/vc_column_text][\/vc_column_inner][vc_column_inner width=&#8221;1\/4&#8243;][vc_single_image image=&#8221;4146&#8243; img_size=&#8221;full&#8221; alignment=&#8221;center&#8221;][vc_column_text] Soudeuses TAU Cooperheat [\/vc_column_text][\/vc_column_inner][vc_column_inner width=&#8221;1\/4&#8243;][vc_single_image image=&#8221;4150&#8243; img_size=&#8221;full&#8221; alignment=&#8221;center&#8221;][vc_column_text] Machines TTH Stork [\/vc_column_text][\/vc_column_inner][vc_column_inner width=&#8221;1\/4&#8243;][vc_single_image image=&#8221;4153&#8243;&hellip;<\/p>\n","protected":false},"author":1,"featured_media":0,"parent":0,"menu_order":0,"comment_status":"closed","ping_status":"closed","template":"template-homepage.php","meta":[],"_links":{"self":[{"href":"https:\/\/sopim-dz.com\/traitement-thermique\/wp-json\/wp\/v2\/pages\/4040"}],"collection":[{"href":"https:\/\/sopim-dz.com\/traitement-thermique\/wp-json\/wp\/v2\/pages"}],"about":[{"href":"https:\/\/sopim-dz.com\/traitement-thermique\/wp-json\/wp\/v2\/types\/page"}],"author":[{"embeddable":true,"href":"https:\/\/sopim-dz.com\/traitement-thermique\/wp-json\/wp\/v2\/users\/1"}],"replies":[{"embeddable":true,"href":"https:\/\/sopim-dz.com\/traitement-thermique\/wp-json\/wp\/v2\/comments?post=4040"}],"version-history":[{"count":23,"href":"https:\/\/sopim-dz.com\/traitement-thermique\/wp-json\/wp\/v2\/pages\/4040\/revisions"}],"predecessor-version":[{"id":4058,"href":"https:\/\/sopim-dz.com\/traitement-thermique\/wp-json\/wp\/v2\/pages\/4040\/revisions\/4058"}],"wp:attachment":[{"href":"https:\/\/sopim-dz.com\/traitement-thermique\/wp-json\/wp\/v2\/media?parent=4040"}],"curies":[{"name":"wp","href":"https:\/\/api.w.org\/{rel}","templated":true}]}}