{"id":4162,"date":"2021-10-24T18:19:53","date_gmt":"2021-10-24T16:19:53","guid":{"rendered":"https:\/\/sopim-dz.com\/traitement-thermique\/?post_type=product&#038;p=4162"},"modified":"2021-10-24T23:44:04","modified_gmt":"2021-10-24T21:44:04","slug":"mano-detendeur-2-a-regulation-pression-de-controle-350-mbar","status":"publish","type":"product","link":"https:\/\/sopim-dz.com\/traitement-thermique\/product\/mano-detendeur-2-a-regulation-pression-de-controle-350-mbar\/","title":{"rendered":"Mano d\u00e9tendeur 2\u2019\u2019 \u00e0 r\u00e9gulation Pression de contr\u00f4le 350 mbar"},"content":{"rendered":"","protected":false},"excerpt":{"rendered":"<h5 class=\"surLigne\">Formulaire de commande de :<\/h5>\n<div class=\"maCommande\"><\/div>\n[contact-form-7 id=\"377\" title=\"Martfury Form 1\"]\n","protected":false},"featured_media":4163,"comment_status":"open","ping_status":"closed","template":"","meta":[],"product_cat":[263],"product_tag":[],"_links":{"self":[{"href":"https:\/\/sopim-dz.com\/traitement-thermique\/wp-json\/wp\/v2\/product\/4162"}],"collection":[{"href":"https:\/\/sopim-dz.com\/traitement-thermique\/wp-json\/wp\/v2\/product"}],"about":[{"href":"https:\/\/sopim-dz.com\/traitement-thermique\/wp-json\/wp\/v2\/types\/product"}],"replies":[{"embeddable":true,"href":"https:\/\/sopim-dz.com\/traitement-thermique\/wp-json\/wp\/v2\/comments?post=4162"}],"wp:featuredmedia":[{"embeddable":true,"href":"https:\/\/sopim-dz.com\/traitement-thermique\/wp-json\/wp\/v2\/media\/4163"}],"wp:attachment":[{"href":"https:\/\/sopim-dz.com\/traitement-thermique\/wp-json\/wp\/v2\/media?parent=4162"}],"wp:term":[{"taxonomy":"product_cat","embeddable":true,"href":"https:\/\/sopim-dz.com\/traitement-thermique\/wp-json\/wp\/v2\/product_cat?post=4162"},{"taxonomy":"product_tag","embeddable":true,"href":"https:\/\/sopim-dz.com\/traitement-thermique\/wp-json\/wp\/v2\/product_tag?post=4162"}],"curies":[{"name":"wp","href":"https:\/\/api.w.org\/{rel}","templated":true}]}}