{"id":4164,"date":"2021-10-24T18:22:34","date_gmt":"2021-10-24T16:22:34","guid":{"rendered":"https:\/\/sopim-dz.com\/traitement-thermique\/?post_type=product&#038;p=4164"},"modified":"2023-05-04T01:05:48","modified_gmt":"2023-05-03T23:05:48","slug":"modeles-de-train-bruleur-gaz-haut-debit-pour-traitement-des-spheres","status":"publish","type":"product","link":"https:\/\/sopim-dz.com\/traitement-thermique\/product\/modeles-de-train-bruleur-gaz-haut-debit-pour-traitement-des-spheres\/","title":{"rendered":"Mod\u00e8les de Train br\u00fbleur gaz haut d\u00e9bit pour traitement des sph\u00e8res"},"content":{"rendered":"","protected":false},"excerpt":{"rendered":"<h5 class=\"surLigne\">Formulaire de commande de :<\/h5>\n<div class=\"maCommande\"><\/div>\n[contact-form-7 id=\"377\" title=\"Martfury Form 1\"]\n","protected":false},"featured_media":4165,"comment_status":"open","ping_status":"closed","template":"","meta":[],"product_cat":[264],"product_tag":[],"_links":{"self":[{"href":"https:\/\/sopim-dz.com\/traitement-thermique\/wp-json\/wp\/v2\/product\/4164"}],"collection":[{"href":"https:\/\/sopim-dz.com\/traitement-thermique\/wp-json\/wp\/v2\/product"}],"about":[{"href":"https:\/\/sopim-dz.com\/traitement-thermique\/wp-json\/wp\/v2\/types\/product"}],"replies":[{"embeddable":true,"href":"https:\/\/sopim-dz.com\/traitement-thermique\/wp-json\/wp\/v2\/comments?post=4164"}],"wp:featuredmedia":[{"embeddable":true,"href":"https:\/\/sopim-dz.com\/traitement-thermique\/wp-json\/wp\/v2\/media\/4165"}],"wp:attachment":[{"href":"https:\/\/sopim-dz.com\/traitement-thermique\/wp-json\/wp\/v2\/media?parent=4164"}],"wp:term":[{"taxonomy":"product_cat","embeddable":true,"href":"https:\/\/sopim-dz.com\/traitement-thermique\/wp-json\/wp\/v2\/product_cat?post=4164"},{"taxonomy":"product_tag","embeddable":true,"href":"https:\/\/sopim-dz.com\/traitement-thermique\/wp-json\/wp\/v2\/product_tag?post=4164"}],"curies":[{"name":"wp","href":"https:\/\/api.w.org\/{rel}","templated":true}]}}