{"id":4171,"date":"2021-10-24T23:10:14","date_gmt":"2021-10-24T21:10:14","guid":{"rendered":"https:\/\/sopim-dz.com\/traitement-thermique\/?post_type=product&#038;p=4171"},"modified":"2023-05-04T10:51:08","modified_gmt":"2023-05-04T08:51:08","slug":"machine-de-traitement-thermique-100-kva-12-sorties","status":"publish","type":"product","link":"https:\/\/sopim-dz.com\/traitement-thermique\/product\/machine-de-traitement-thermique-100-kva-12-sorties\/","title":{"rendered":"Machine de traitement thermique 100 kVA 12 sorties"},"content":{"rendered":"<p>Les stations de traitement thermique personnalis\u00e9s de Stork Cooperheat sont mondialement connus pour leur fiabilit\u00e9, s\u00e9curit\u00e9, polyvalence et leur respect des normes de s\u00e9curit\u00e9 europ\u00e9ennes.<\/p>\n<p>&nbsp;<\/p>\n<p>Nos conceptions d\u2019\u00e9quipement reposent sur une longue exp\u00e9rience dans l\u2019industrie du traitement thermique et sur la satisfaction de milliers de clients dans le monde entier.<\/p>\n<p>&nbsp;<\/p>\n<p>La station de traitement thermique 100 Kva \u00e0 12 sorties est une unit\u00e9 mobile transportable<\/p>\n<p>Con\u00e7ue \u00e0 partir d\u2019un b\u00e2ti en acier inoxydable pour des travaux de chantier rigoureux et exigeants.<\/p>\n","protected":false},"excerpt":{"rendered":"<h5 class=\"surLigne\">Formulaire de commande de :<\/h5>\n<div class=\"maCommande\"><\/div>\n[contact-form-7 id=\"377\" title=\"Martfury Form 1\"]\n","protected":false},"featured_media":4172,"comment_status":"open","ping_status":"closed","template":"","meta":[],"product_cat":[265],"product_tag":[],"_links":{"self":[{"href":"https:\/\/sopim-dz.com\/traitement-thermique\/wp-json\/wp\/v2\/product\/4171"}],"collection":[{"href":"https:\/\/sopim-dz.com\/traitement-thermique\/wp-json\/wp\/v2\/product"}],"about":[{"href":"https:\/\/sopim-dz.com\/traitement-thermique\/wp-json\/wp\/v2\/types\/product"}],"replies":[{"embeddable":true,"href":"https:\/\/sopim-dz.com\/traitement-thermique\/wp-json\/wp\/v2\/comments?post=4171"}],"wp:featuredmedia":[{"embeddable":true,"href":"https:\/\/sopim-dz.com\/traitement-thermique\/wp-json\/wp\/v2\/media\/4172"}],"wp:attachment":[{"href":"https:\/\/sopim-dz.com\/traitement-thermique\/wp-json\/wp\/v2\/media?parent=4171"}],"wp:term":[{"taxonomy":"product_cat","embeddable":true,"href":"https:\/\/sopim-dz.com\/traitement-thermique\/wp-json\/wp\/v2\/product_cat?post=4171"},{"taxonomy":"product_tag","embeddable":true,"href":"https:\/\/sopim-dz.com\/traitement-thermique\/wp-json\/wp\/v2\/product_tag?post=4171"}],"curies":[{"name":"wp","href":"https:\/\/api.w.org\/{rel}","templated":true}]}}